{"id":68,"date":"2023-04-22T08:08:13","date_gmt":"2023-04-22T08:08:13","guid":{"rendered":"https:\/\/balintmarkturi.com\/?page_id=68"},"modified":"2024-08-18T16:21:46","modified_gmt":"2024-08-18T16:21:46","slug":"about","status":"publish","type":"page","link":"https:\/\/balintmarkturi.com\/index.php\/about\/","title":{"rendered":"About"},"content":{"rendered":"<nav class=\"has-large-font-size is-responsive items-justified-right wp-block-navigation is-content-justification-right is-layout-flex wp-container-core-navigation-is-layout-f665d2b5 wp-block-navigation-is-layout-flex\" aria-label=\"Header navigation\" \n\t\t data-wp-interactive=\"core\/navigation\" data-wp-context='{\"overlayOpenedBy\":{\"click\":false,\"hover\":false,\"focus\":false},\"type\":\"overlay\",\"roleAttribute\":\"\",\"ariaLabel\":\"Menu\"}'><button aria-haspopup=\"dialog\" aria-label=\"Open menu\" class=\"wp-block-navigation__responsive-container-open\" \n\t\t\t\tdata-wp-on--click=\"actions.openMenuOnClick\"\n\t\t\t\tdata-wp-on--keydown=\"actions.handleMenuKeydown\"\n\t\t\t><svg width=\"24\" height=\"24\" xmlns=\"http:\/\/www.w3.org\/2000\/svg\" viewBox=\"0 0 24 24\"><path d=\"M5 5v1.5h14V5H5z\"><\/path><path d=\"M5 12.8h14v-1.5H5v1.5z\"><\/path><path d=\"M5 19h14v-1.5H5V19z\"><\/path><\/svg><\/button>\n\t\t\t\t<div class=\"wp-block-navigation__responsive-container\"  id=\"modal-1\" \n\t\t\t\tdata-wp-class--has-modal-open=\"state.isMenuOpen\"\n\t\t\t\tdata-wp-class--is-menu-open=\"state.isMenuOpen\"\n\t\t\t\tdata-wp-watch=\"callbacks.initMenu\"\n\t\t\t\tdata-wp-on--keydown=\"actions.handleMenuKeydown\"\n\t\t\t\tdata-wp-on--focusout=\"actions.handleMenuFocusout\"\n\t\t\t\ttabindex=\"-1\"\n\t\t\t>\n\t\t\t\t\t<div class=\"wp-block-navigation__responsive-close\" tabindex=\"-1\">\n\t\t\t\t\t\t<div class=\"wp-block-navigation__responsive-dialog\" \n\t\t\t\tdata-wp-bind--aria-modal=\"state.ariaModal\"\n\t\t\t\tdata-wp-bind--aria-label=\"state.ariaLabel\"\n\t\t\t\tdata-wp-bind--role=\"state.roleAttribute\"\n\t\t\t>\n\t\t\t\t\t\t\t<button aria-label=\"Close menu\" class=\"wp-block-navigation__responsive-container-close\" \n\t\t\t\tdata-wp-on--click=\"actions.closeMenuOnClick\"\n\t\t\t><svg xmlns=\"http:\/\/www.w3.org\/2000\/svg\" viewBox=\"0 0 24 24\" width=\"24\" height=\"24\" aria-hidden=\"true\" focusable=\"false\"><path d=\"m13.06 12 6.47-6.47-1.06-1.06L12 10.94 5.53 4.47 4.47 5.53 10.94 12l-6.47 6.47 1.06 1.06L12 13.06l6.47 6.47 1.06-1.06L13.06 12Z\"><\/path><\/svg><\/button>\n\t\t\t\t\t\t\t<div class=\"wp-block-navigation__responsive-container-content\" \n\t\t\t\tdata-wp-watch=\"callbacks.focusFirstElement\"\n\t\t\t id=\"modal-1-content\">\n\t\t\t\t\t\t\t\t<ul class=\"wp-block-navigation__container has-large-font-size is-responsive items-justified-right wp-block-navigation has-large-font-size\"><li data-wp-context=\"{ &quot;submenuOpenedBy&quot;: { &quot;click&quot;: false, &quot;hover&quot;: false, &quot;focus&quot;: false }, &quot;type&quot;: &quot;submenu&quot;, &quot;modal&quot;: null, &quot;previousFocus&quot;: null }\" data-wp-interactive=\"core\/navigation\" data-wp-on--focusout=\"actions.handleMenuFocusout\" data-wp-on--keydown=\"actions.handleMenuKeydown\" data-wp-watch=\"callbacks.initMenu\" tabindex=\"-1\" class=\"wp-block-navigation-item has-large-font-size has-child open-on-click wp-block-navigation-submenu\"><button data-wp-bind--aria-expanded=\"state.isMenuOpen\" data-wp-on--click=\"actions.toggleMenuOnClick\" aria-label=\"menu submenu\" class=\"wp-block-navigation-item__content wp-block-navigation-submenu__toggle\" ><span class=\"wp-block-navigation-item__label\">menu<\/span><\/button><span class=\"wp-block-navigation__submenu-icon\"><svg xmlns=\"http:\/\/www.w3.org\/2000\/svg\" width=\"12\" height=\"12\" viewBox=\"0 0 12 12\" fill=\"none\" aria-hidden=\"true\" focusable=\"false\"><path d=\"M1.50002 4L6.00002 8L10.5 4\" stroke-width=\"1.5\"><\/path><\/svg><\/span><ul data-wp-on--focus=\"actions.openMenuOnFocus\" class=\"wp-block-navigation__submenu-container wp-block-navigation-submenu\"><li class=\"has-large-font-size wp-block-navigation-item wp-block-navigation-link\"><a class=\"wp-block-navigation-item__content\"  href=\"https:\/\/balintmarkturi.com\/\"><span class=\"wp-block-navigation-item__label\">home<\/span><\/a><\/li><li class=\"has-large-font-size wp-block-navigation-item wp-block-navigation-link has-small-font-size\"><a class=\"wp-block-navigation-item__content\"  href=\"https:\/\/balintmarkturi.com\/index.php\/about\/\"><span class=\"wp-block-navigation-item__label\">About<\/span><\/a><\/li><li class=\"has-large-font-size wp-block-navigation-item wp-block-navigation-link\"><a class=\"wp-block-navigation-item__content\"  href=\"https:\/\/balintmarkturi.com\/index.php\/projects\/\"><span class=\"wp-block-navigation-item__label\">Projects<\/span><\/a><\/li><li class=\"has-large-font-size wp-block-navigation-item wp-block-navigation-link\"><a class=\"wp-block-navigation-item__content\"  href=\"https:\/\/balintmarkturi.com\/index.php\/research\/\"><span class=\"wp-block-navigation-item__label\">Research<\/span><\/a><\/li><\/ul><\/li><\/ul>\n\t\t\t\t\t\t\t<\/div>\n\t\t\t\t\t\t<\/div>\n\t\t\t\t\t<\/div>\n\t\t\t\t<\/div><\/nav>\n\n\n<pre class=\"wp-block-preformatted has-black-color has-cyan-bluish-gray-background-color has-text-color has-background\"><strong>B\u00e1lint M\u00e1rk T\u00fari<\/strong> has a background in filmmaking, he studied directing in Paris and artistic research in Amsterdam. He made several short films, music videos and an award-winning feature film.\nDuring his master studies he explored improvisation based collaborative story development methods through applying theatre games, table-top rpg and larp techniques in the development process of his feature film. Moving forward with his research theme he is writing and designing participatory experiences and games.\nB\u00e1lint is one of the founders of Parallel Worlds Foundation, a Hungarian non-profit organisation that concentrates on creating live-action role-playing game events in Budapest.\nHe used to co-run a fantasy summer camp for children in rural Hungary, that was an inheritor of the long-lived Hungarian edu-larp methodology, the B\u00e1nk Tradition. B\u00e1lint is currently starting to research this tradition, especially the way its methodology can be applied to community-based artistic practices, research and education.<\/pre>\n\n\n\n<div style=\"height:45px\" aria-hidden=\"true\" class=\"wp-block-spacer\"><\/div>\n\n\n\n<div class=\"wp-block-buttons is-layout-flex wp-block-buttons-is-layout-flex\">\n<div class=\"wp-block-button\"><a class=\"wp-block-button__link wp-element-button\" href=\"https:\/\/balintmarkturi.com\/index.php\/artist-statement\/\">Artist Statement<\/a><\/div>\n\n\n\n<div class=\"wp-block-button\"><a class=\"wp-block-button__link wp-element-button\" href=\"https:\/\/balintmarkturi.com\/wp-content\/uploads\/2024\/08\/Balint-Mark-Turi-CV-2024.pdf\" target=\"_blank\" rel=\"noreferrer noopener\">CV<\/a><\/div>\n<\/div>\n\n\n\n<div style=\"height:57px\" aria-hidden=\"true\" class=\"wp-block-spacer\"><\/div>\n\n\n\n<div class=\"wp-block-columns is-layout-flex wp-container-core-columns-is-layout-28f84493 wp-block-columns-is-layout-flex\">\n<div class=\"wp-block-column is-layout-flow wp-block-column-is-layout-flow\" style=\"flex-basis:100%\"><\/div>\n<\/div>\n\n\n\n<div class=\"wp-block-columns is-layout-flex wp-container-core-columns-is-layout-28f84493 wp-block-columns-is-layout-flex\">\n<div class=\"wp-block-column is-layout-flow wp-block-column-is-layout-flow\">\n<figure class=\"wp-block-image alignleft size-full is-resized wp-duotone-default-filter\"><a href=\"https:\/\/balintmarkturi.com\/\"><img loading=\"lazy\" decoding=\"async\" width=\"410\" height=\"410\" src=\"https:\/\/i0.wp.com\/balintmarkturi.com\/wp-content\/uploads\/2023\/04\/back_up_arrow-curved@01x.png?resize=410%2C410&#038;ssl=1\" alt=\"\" class=\"wp-image-104\" style=\"width:103px;height:103px\" srcset=\"https:\/\/i0.wp.com\/balintmarkturi.com\/wp-content\/uploads\/2023\/04\/back_up_arrow-curved@01x.png?w=410&amp;ssl=1 410w, https:\/\/i0.wp.com\/balintmarkturi.com\/wp-content\/uploads\/2023\/04\/back_up_arrow-curved@01x.png?resize=300%2C300&amp;ssl=1 300w, https:\/\/i0.wp.com\/balintmarkturi.com\/wp-content\/uploads\/2023\/04\/back_up_arrow-curved@01x.png?resize=150%2C150&amp;ssl=1 150w\" sizes=\"auto, (max-width: 410px) 100vw, 410px\" data-recalc-dims=\"1\" \/><\/a><\/figure>\n<\/div>\n\n\n\n<div class=\"wp-block-column is-layout-flow wp-block-column-is-layout-flow\">\n<figure class=\"wp-block-image alignright size-full is-resized wp-duotone-default-filter\"><a href=\"https:\/\/balintmarkturi.com\/index.php\/about\/\"><img loading=\"lazy\" decoding=\"async\" width=\"241\" height=\"376\" src=\"https:\/\/i0.wp.com\/balintmarkturi.com\/wp-content\/uploads\/2023\/04\/up_arrow-curved@01x.png?resize=241%2C376&#038;ssl=1\" alt=\"\" class=\"wp-image-106\" style=\"width:60px;height:94px\" srcset=\"https:\/\/i0.wp.com\/balintmarkturi.com\/wp-content\/uploads\/2023\/04\/up_arrow-curved@01x.png?w=241&amp;ssl=1 241w, https:\/\/i0.wp.com\/balintmarkturi.com\/wp-content\/uploads\/2023\/04\/up_arrow-curved@01x.png?resize=192%2C300&amp;ssl=1 192w\" sizes=\"auto, (max-width: 241px) 100vw, 241px\" data-recalc-dims=\"1\" \/><\/a><\/figure>\n<\/div>\n<\/div>\n\n\n\n<div style=\"height:73px\" aria-hidden=\"true\" class=\"wp-block-spacer\"><\/div>\n","protected":false},"excerpt":{"rendered":"<p>B\u00e1lint M\u00e1rk T\u00fari has a background in filmmaking, he studied directing in Paris and artistic research in Amsterdam. He made several short films, music videos and an award-winning feature film. During his master studies he explored improvisation based collaborative story development methods through applying theatre games, table-top rpg and larp techniques in the development process [&hellip;]<\/p>\n","protected":false},"author":1,"featured_media":0,"parent":0,"menu_order":0,"comment_status":"closed","ping_status":"closed","template":"","meta":{"footnotes":""},"class_list":["post-68","page","type-page","status-publish","hentry"],"yoast_head":"<!-- This site is optimized with the Yoast SEO plugin v20.5 - https:\/\/yoast.com\/wordpress\/plugins\/seo\/ -->\n<title>About - Balint Mark Turi<\/title>\n<meta name=\"robots\" content=\"index, follow, max-snippet:-1, max-image-preview:large, max-video-preview:-1\" \/>\n<link rel=\"canonical\" href=\"https:\/\/balintmarkturi.com\/index.php\/about\/\" \/>\n<meta property=\"og:locale\" content=\"en_GB\" \/>\n<meta property=\"og:type\" content=\"article\" \/>\n<meta property=\"og:title\" content=\"About - Balint Mark Turi\" \/>\n<meta property=\"og:description\" content=\"B\u00e1lint M\u00e1rk T\u00fari has a background in filmmaking, he studied directing in Paris and artistic research in Amsterdam. He made several short films, music videos and an award-winning feature film. During his master studies he explored improvisation based collaborative story development methods through applying theatre games, table-top rpg and larp techniques in the development process [&hellip;]\" \/>\n<meta property=\"og:url\" content=\"https:\/\/balintmarkturi.com\/index.php\/about\/\" \/>\n<meta property=\"og:site_name\" content=\"Balint Mark Turi\" \/>\n<meta property=\"article:modified_time\" content=\"2024-08-18T16:21:46+00:00\" \/>\n<meta property=\"og:image\" content=\"https:\/\/balintmarkturi.com\/wp-content\/uploads\/2023\/04\/back_up_arrow-curved@01x.png\" \/>\n<meta name=\"twitter:card\" content=\"summary_large_image\" \/>\n<meta name=\"twitter:label1\" content=\"Estimated reading time\" \/>\n\t<meta name=\"twitter:data1\" content=\"2 minutes\" \/>\n<script type=\"application\/ld+json\" class=\"yoast-schema-graph\">{\"@context\":\"https:\/\/schema.org\",\"@graph\":[{\"@type\":\"WebPage\",\"@id\":\"https:\/\/balintmarkturi.com\/index.php\/about\/\",\"url\":\"https:\/\/balintmarkturi.com\/index.php\/about\/\",\"name\":\"About - Balint Mark Turi\",\"isPartOf\":{\"@id\":\"https:\/\/balintmarkturi.com\/#website\"},\"datePublished\":\"2023-04-22T08:08:13+00:00\",\"dateModified\":\"2024-08-18T16:21:46+00:00\",\"breadcrumb\":{\"@id\":\"https:\/\/balintmarkturi.com\/index.php\/about\/#breadcrumb\"},\"inLanguage\":\"en-GB\",\"potentialAction\":[{\"@type\":\"ReadAction\",\"target\":[\"https:\/\/balintmarkturi.com\/index.php\/about\/\"]}]},{\"@type\":\"BreadcrumbList\",\"@id\":\"https:\/\/balintmarkturi.com\/index.php\/about\/#breadcrumb\",\"itemListElement\":[{\"@type\":\"ListItem\",\"position\":1,\"name\":\"Home\",\"item\":\"https:\/\/balintmarkturi.com\/\"},{\"@type\":\"ListItem\",\"position\":2,\"name\":\"About\"}]},{\"@type\":\"WebSite\",\"@id\":\"https:\/\/balintmarkturi.com\/#website\",\"url\":\"https:\/\/balintmarkturi.com\/\",\"name\":\"Balint Mark Turi\",\"description\":\"BMT Artist Page\",\"potentialAction\":[{\"@type\":\"SearchAction\",\"target\":{\"@type\":\"EntryPoint\",\"urlTemplate\":\"https:\/\/balintmarkturi.com\/?s={search_term_string}\"},\"query-input\":\"required name=search_term_string\"}],\"inLanguage\":\"en-GB\"}]}<\/script>\n<!-- \/ Yoast SEO plugin. -->","yoast_head_json":{"title":"About - Balint Mark Turi","robots":{"index":"index","follow":"follow","max-snippet":"max-snippet:-1","max-image-preview":"max-image-preview:large","max-video-preview":"max-video-preview:-1"},"canonical":"https:\/\/balintmarkturi.com\/index.php\/about\/","og_locale":"en_GB","og_type":"article","og_title":"About - Balint Mark Turi","og_description":"B\u00e1lint M\u00e1rk T\u00fari has a background in filmmaking, he studied directing in Paris and artistic research in Amsterdam. He made several short films, music videos and an award-winning feature film. During his master studies he explored improvisation based collaborative story development methods through applying theatre games, table-top rpg and larp techniques in the development process [&hellip;]","og_url":"https:\/\/balintmarkturi.com\/index.php\/about\/","og_site_name":"Balint Mark Turi","article_modified_time":"2024-08-18T16:21:46+00:00","og_image":[{"url":"https:\/\/balintmarkturi.com\/wp-content\/uploads\/2023\/04\/back_up_arrow-curved@01x.png"}],"twitter_card":"summary_large_image","twitter_misc":{"Estimated reading time":"2 minutes"},"schema":{"@context":"https:\/\/schema.org","@graph":[{"@type":"WebPage","@id":"https:\/\/balintmarkturi.com\/index.php\/about\/","url":"https:\/\/balintmarkturi.com\/index.php\/about\/","name":"About - Balint Mark Turi","isPartOf":{"@id":"https:\/\/balintmarkturi.com\/#website"},"datePublished":"2023-04-22T08:08:13+00:00","dateModified":"2024-08-18T16:21:46+00:00","breadcrumb":{"@id":"https:\/\/balintmarkturi.com\/index.php\/about\/#breadcrumb"},"inLanguage":"en-GB","potentialAction":[{"@type":"ReadAction","target":["https:\/\/balintmarkturi.com\/index.php\/about\/"]}]},{"@type":"BreadcrumbList","@id":"https:\/\/balintmarkturi.com\/index.php\/about\/#breadcrumb","itemListElement":[{"@type":"ListItem","position":1,"name":"Home","item":"https:\/\/balintmarkturi.com\/"},{"@type":"ListItem","position":2,"name":"About"}]},{"@type":"WebSite","@id":"https:\/\/balintmarkturi.com\/#website","url":"https:\/\/balintmarkturi.com\/","name":"Balint Mark Turi","description":"BMT Artist Page","potentialAction":[{"@type":"SearchAction","target":{"@type":"EntryPoint","urlTemplate":"https:\/\/balintmarkturi.com\/?s={search_term_string}"},"query-input":"required name=search_term_string"}],"inLanguage":"en-GB"}]}},"_links":{"self":[{"href":"https:\/\/balintmarkturi.com\/index.php\/wp-json\/wp\/v2\/pages\/68","targetHints":{"allow":["GET"]}}],"collection":[{"href":"https:\/\/balintmarkturi.com\/index.php\/wp-json\/wp\/v2\/pages"}],"about":[{"href":"https:\/\/balintmarkturi.com\/index.php\/wp-json\/wp\/v2\/types\/page"}],"author":[{"embeddable":true,"href":"https:\/\/balintmarkturi.com\/index.php\/wp-json\/wp\/v2\/users\/1"}],"replies":[{"embeddable":true,"href":"https:\/\/balintmarkturi.com\/index.php\/wp-json\/wp\/v2\/comments?post=68"}],"version-history":[{"count":25,"href":"https:\/\/balintmarkturi.com\/index.php\/wp-json\/wp\/v2\/pages\/68\/revisions"}],"predecessor-version":[{"id":664,"href":"https:\/\/balintmarkturi.com\/index.php\/wp-json\/wp\/v2\/pages\/68\/revisions\/664"}],"wp:attachment":[{"href":"https:\/\/balintmarkturi.com\/index.php\/wp-json\/wp\/v2\/media?parent=68"}],"curies":[{"name":"wp","href":"https:\/\/api.w.org\/{rel}","templated":true}]}}